{"id":100,"date":"2025-03-09T14:59:20","date_gmt":"2025-03-09T14:59:20","guid":{"rendered":"https:\/\/appartamentisanraffaele.it\/?page_id=100"},"modified":"2025-03-31T15:08:59","modified_gmt":"2025-03-31T15:08:59","slug":"chi-siamo","status":"publish","type":"page","link":"https:\/\/appartamentisanraffaele.it\/?page_id=100","title":{"rendered":"Chi Siamo"},"content":{"rendered":"\n<p>Siamo un team dedicato a offrire soluzioni di alloggio confortevoli e convenienti per chi ha bisogno di soggiornare vicino all&#8217;ospedale San Raffaele di Milano. Comprendiamo le difficolt\u00e0 di affrontare un periodo di cura lontano da casa, e ci impegniamo a fornire un ambiente accogliente e familiare per pazienti e familiari. La nostra missione \u00e8 rendere il vostro soggiorno il pi\u00f9 sereno possibile, offrendo appartamenti ben attrezzati e vicini alle principali strutture ospedaliere della citt\u00e0.<\/p>\n\n\n\n<p class=\"has-text-align-center\"><strong><mark style=\"background-color:rgba(0, 0, 0, 0)\" class=\"has-inline-color has-vivid-red-color\">Davide: +393516797125<\/mark><\/strong><\/p>\n\n\n\n\n","protected":false},"excerpt":{"rendered":"<p>Siamo un team dedicato a offrire soluzioni di alloggio confortevoli e convenienti per chi ha bisogno di soggiornare vicino all&#8217;ospedale San Raffaele di Milano. Comprendiamo le difficolt\u00e0 di affrontare un periodo di cura lontano da casa, e ci impegniamo a fornire un ambiente accogliente e &hellip; <\/p>\n","protected":false},"author":1,"featured_media":102,"parent":0,"menu_order":0,"comment_status":"closed","ping_status":"closed","template":"","meta":{"pagelayer_contact_templates":[],"_pagelayer_content":"","footnotes":""},"class_list":["post-100","page","type-page","status-publish","has-post-thumbnail","hentry"],"_links":{"self":[{"href":"https:\/\/appartamentisanraffaele.it\/index.php?rest_route=\/wp\/v2\/pages\/100","targetHints":{"allow":["GET"]}}],"collection":[{"href":"https:\/\/appartamentisanraffaele.it\/index.php?rest_route=\/wp\/v2\/pages"}],"about":[{"href":"https:\/\/appartamentisanraffaele.it\/index.php?rest_route=\/wp\/v2\/types\/page"}],"author":[{"embeddable":true,"href":"https:\/\/appartamentisanraffaele.it\/index.php?rest_route=\/wp\/v2\/users\/1"}],"replies":[{"embeddable":true,"href":"https:\/\/appartamentisanraffaele.it\/index.php?rest_route=%2Fwp%2Fv2%2Fcomments&post=100"}],"version-history":[{"count":7,"href":"https:\/\/appartamentisanraffaele.it\/index.php?rest_route=\/wp\/v2\/pages\/100\/revisions"}],"predecessor-version":[{"id":260,"href":"https:\/\/appartamentisanraffaele.it\/index.php?rest_route=\/wp\/v2\/pages\/100\/revisions\/260"}],"wp:featuredmedia":[{"embeddable":true,"href":"https:\/\/appartamentisanraffaele.it\/index.php?rest_route=\/wp\/v2\/media\/102"}],"wp:attachment":[{"href":"https:\/\/appartamentisanraffaele.it\/index.php?rest_route=%2Fwp%2Fv2%2Fmedia&parent=100"}],"curies":[{"name":"wp","href":"https:\/\/api.w.org\/{rel}","templated":true}]}}